{"id":3479,"date":"2022-03-31T16:42:52","date_gmt":"2022-03-31T16:42:52","guid":{"rendered":"https:\/\/ppbsl.com\/politica-de-cookies\/"},"modified":"2022-04-04T15:53:25","modified_gmt":"2022-04-04T15:53:25","slug":"cookies","status":"publish","type":"page","link":"https:\/\/ppbsl.com\/en\/cookies\/","title":{"rendered":"Cookies"},"content":{"rendered":"\t\t<div data-elementor-type=\"wp-page\" data-elementor-id=\"3479\" class=\"elementor elementor-3479 elementor-3467\" data-elementor-settings=\"{&quot;ha_cmc_init_switcher&quot;:&quot;no&quot;}\" data-elementor-post-type=\"page\">\n\t\t\t\t\t\t<section class=\"elementor-section elementor-top-section elementor-element elementor-element-87e38d0 elementor-section-height-min-height elementor-section-full_width elementor-section-stretched elementor-section-height-default elementor-section-items-middle elementor-invisible\" data-id=\"87e38d0\" data-element_type=\"section\" data-e-type=\"section\" data-settings=\"{&quot;background_background&quot;:&quot;slideshow&quot;,&quot;jet_parallax_layout_list&quot;:[{&quot;_id&quot;:&quot;2ea025f&quot;,&quot;jet_parallax_layout_image&quot;:{&quot;url&quot;:&quot;&quot;,&quot;id&quot;:&quot;&quot;,&quot;size&quot;:&quot;&quot;},&quot;jet_parallax_layout_image_tablet&quot;:{&quot;url&quot;:&quot;&quot;,&quot;id&quot;:&quot;&quot;,&quot;size&quot;:&quot;&quot;},&quot;jet_parallax_layout_image_mobile&quot;:{&quot;url&quot;:&quot;&quot;,&quot;id&quot;:&quot;&quot;,&quot;size&quot;:&quot;&quot;},&quot;jet_parallax_layout_speed&quot;:{&quot;unit&quot;:&quot;%&quot;,&quot;size&quot;:50,&quot;sizes&quot;:[]},&quot;jet_parallax_layout_type&quot;:&quot;scroll&quot;,&quot;jet_parallax_layout_direction&quot;:&quot;1&quot;,&quot;jet_parallax_layout_fx_direction&quot;:null,&quot;jet_parallax_layout_z_index&quot;:&quot;&quot;,&quot;jet_parallax_layout_bg_x&quot;:50,&quot;jet_parallax_layout_bg_x_tablet&quot;:&quot;&quot;,&quot;jet_parallax_layout_bg_x_mobile&quot;:&quot;&quot;,&quot;jet_parallax_layout_bg_y&quot;:50,&quot;jet_parallax_layout_bg_y_tablet&quot;:&quot;&quot;,&quot;jet_parallax_layout_bg_y_mobile&quot;:&quot;&quot;,&quot;jet_parallax_layout_bg_size&quot;:&quot;auto&quot;,&quot;jet_parallax_layout_bg_size_tablet&quot;:&quot;&quot;,&quot;jet_parallax_layout_bg_size_mobile&quot;:&quot;&quot;,&quot;jet_parallax_layout_animation_prop&quot;:&quot;transform&quot;,&quot;jet_parallax_layout_on&quot;:[&quot;desktop&quot;,&quot;tablet&quot;]}],&quot;background_motion_fx_translateY_effect&quot;:&quot;yes&quot;,&quot;background_motion_fx_translateY_affectedRange&quot;:{&quot;unit&quot;:&quot;%&quot;,&quot;size&quot;:&quot;&quot;,&quot;sizes&quot;:{&quot;start&quot;:80,&quot;end&quot;:100}},&quot;background_slideshow_gallery&quot;:[{&quot;id&quot;:2067,&quot;url&quot;:&quot;https:\\\/\\\/ppbsl.com\\\/wp-content\\\/uploads\\\/2022\\\/03\\\/jardines-diseno-baleares-2.jpg&quot;},{&quot;id&quot;:2066,&quot;url&quot;:&quot;https:\\\/\\\/ppbsl.com\\\/wp-content\\\/uploads\\\/2022\\\/03\\\/jardines-diseno-baleares-1.jpg&quot;},{&quot;id&quot;:2068,&quot;url&quot;:&quot;https:\\\/\\\/ppbsl.com\\\/wp-content\\\/uploads\\\/2022\\\/03\\\/jardines-diseno-baleares-3.jpg&quot;},{&quot;id&quot;:2069,&quot;url&quot;:&quot;https:\\\/\\\/ppbsl.com\\\/wp-content\\\/uploads\\\/2022\\\/03\\\/jardines-diseno-baleares-4.jpg&quot;},{&quot;id&quot;:2070,&quot;url&quot;:&quot;https:\\\/\\\/ppbsl.com\\\/wp-content\\\/uploads\\\/2022\\\/03\\\/jardines-diseno-baleares-5.jpg&quot;}],&quot;background_slideshow_slide_duration&quot;:4000,&quot;animation&quot;:&quot;fadeIn&quot;,&quot;stretch_section&quot;:&quot;section-stretched&quot;,&quot;background_slideshow_loop&quot;:&quot;yes&quot;,&quot;background_slideshow_slide_transition&quot;:&quot;fade&quot;,&quot;background_slideshow_transition_duration&quot;:500,&quot;background_motion_fx_translateY_speed&quot;:{&quot;unit&quot;:&quot;px&quot;,&quot;size&quot;:4,&quot;sizes&quot;:[]},&quot;background_motion_fx_devices&quot;:[&quot;desktop&quot;,&quot;tablet&quot;,&quot;mobile&quot;],&quot;_ha_eqh_enable&quot;:false}\">\n\t\t\t\t\t\t\t<div class=\"elementor-background-overlay\"><\/div>\n\t\t\t\t\t\t\t<div class=\"elementor-container elementor-column-gap-no\">\n\t\t\t\t\t<div class=\"elementor-column elementor-col-100 elementor-top-column elementor-element elementor-element-f6799bf\" data-id=\"f6799bf\" data-element_type=\"column\" data-e-type=\"column\">\n\t\t\t<div class=\"elementor-widget-wrap\">\n\t\t\t\t\t\t\t<\/div>\n\t\t<\/div>\n\t\t\t\t\t<\/div>\n\t\t<\/section>\n\t\t\t\t<section class=\"elementor-section elementor-top-section elementor-element elementor-element-6313ca2 elementor-section-boxed elementor-section-height-default elementor-section-height-default\" data-id=\"6313ca2\" data-element_type=\"section\" data-e-type=\"section\" data-settings=\"{&quot;jet_parallax_layout_list&quot;:[],&quot;_ha_eqh_enable&quot;:false}\">\n\t\t\t\t\t\t<div class=\"elementor-container elementor-column-gap-default\">\n\t\t\t\t\t<div class=\"elementor-column elementor-col-100 elementor-top-column elementor-element elementor-element-1965688\" data-id=\"1965688\" data-element_type=\"column\" data-e-type=\"column\">\n\t\t\t<div class=\"elementor-widget-wrap elementor-element-populated\">\n\t\t\t\t\t\t<div class=\"elementor-element elementor-element-2f1701d elementor-widget elementor-widget-heading\" data-id=\"2f1701d\" data-element_type=\"widget\" data-e-type=\"widget\" data-widget_type=\"heading.default\">\n\t\t\t\t<div class=\"elementor-widget-container\">\n\t\t\t\t\t<h2 class=\"elementor-heading-title elementor-size-default\">Pol\u00edtica de cookies<\/h2>\t\t\t\t<\/div>\n\t\t\t\t<\/div>\n\t\t\t\t<div class=\"elementor-element elementor-element-f70add9 elementor-widget elementor-widget-text-editor\" data-id=\"f70add9\" data-element_type=\"widget\" data-e-type=\"widget\" data-widget_type=\"text-editor.default\">\n\t\t\t\t<div class=\"elementor-widget-container\">\n\t\t\t\t\t\t\t\t\t<p align=\"justify\">Este portal, al igual que la mayor\u00eda de portales en Internet, usa cookies para mejorar la experiencia del usuario. A continuaci\u00f3n encontrar\u00e1 informaci\u00f3n sobre qu\u00e9 son las\u00a0\u201ccookies\u201d, qu\u00e9 tipo de cookies utiliza este portal, c\u00f3mo puede desactivar las cookies en\u00a0su navegador y c\u00f3mo desactivar espec\u00edficamente la instalaci\u00f3n de cookies de terceros.\u00a0Si no encuentra la informaci\u00f3n espec\u00edfica que usted est\u00e1 buscando, por favor dir\u00edjase a\u00a0<a href=\"mailto:ppbsl@ppbsl.com\">ppbsl@ppbsl.com<\/a><\/p><div id=\"text-182-0-0-1\" class=\"module module-text text-182-0-0-1   \"><p><strong>\u00bfQu\u00e9 son las cookies?<\/strong><\/p><p align=\"justify\">Las cookies son peque\u00f1os archivos que algunas plataformas, como las p\u00e1ginas web,\u00a0pueden instalar en su ordenador, smartphone, tableta o televisi\u00f3n conectada. Sus\u00a0funciones pueden ser muy variadas: almacenar sus preferencias de navegaci\u00f3n,\u00a0recopilar informaci\u00f3n estad\u00edstica, permitir ciertas funcionalidades t\u00e9cnicas, etc\u00e9tera.\u00a0En ocasiones, las cookies se utilizan para almacenar informaci\u00f3n b\u00e1sica sobre los\u00a0h\u00e1bitos de navegaci\u00f3n del usuario o de su equipo, hasta el punto, seg\u00fan los casos, de\u00a0poder reconocerlo.<\/p><p><strong>\u00bfPor qu\u00e9 son importantes?<\/strong><\/p><p align=\"justify\">Las cookies son \u00fatiles por varios motivos. Desde un punto de vista t\u00e9cnico, permiten\u00a0que las p\u00e1ginas web funcionen de forma m\u00e1s \u00e1gil y adaptada a sus preferencias, como\u00a0por ejemplo almacenar su idioma o la moneda de su pa\u00eds. Adem\u00e1s, ayudan a los\u00a0responsables de los sitios web a mejorar los servicios que ofrecen, gracias a la\u00a0informaci\u00f3n estad\u00edstica que recogen a trav\u00e9s de ellas. Finalmente, sirven para hacer\u00a0m\u00e1s eficiente la publicidad que le mostramos, gracias a la cual le podemos ofrecer\u00a0servicios de forma gratuita.<\/p><p><b>Tipos de Cookies<\/b><\/p><p>La informaci\u00f3n que le proporcionamos a continuaci\u00f3n, le ayudar\u00e1 a comprender los diferentes tipos de cookies:<\/p><ul><li>\u00a0<strong>Cookies de mejora del rendimiento<\/strong><\/li><\/ul><p align=\"justify\">Este tipo de cookies conserva sus preferencias para ciertas herramientas o\u00a0servicios para que no tenga que re-configurarlos cada vez que visita nuestro\u00a0portal y, en algunos casos, pueden ser aportadas por terceros. Algunos\u00a0ejemplos son: volumen de los reproductores audiovisuales, preferencias de\u00a0ordenaci\u00f3n de art\u00edculos o velocidades de reproducci\u00f3n de v\u00eddeo compatibles.\u00a0En el caso de comercio electr\u00f3nico, permiten mantener informaci\u00f3n sobre su\u00a0cesta de la compra.<\/p><ul><li><strong>Cookies de an\u00e1lisis estad\u00edstico<\/strong><\/li><\/ul><p align=\"justify\">Son aquellas que, bien tratadas por nosotros o por terceros, permiten\u00a0cuantificar el n\u00famero de visitantes y analizar estad\u00edsticamente la utilizaci\u00f3n que\u00a0hacen los usuarios de nuestros servicios. Gracias a ello podemos estudiar la\u00a0navegaci\u00f3n por nuestra p\u00e1gina web, y mejorar as\u00ed la oferta de productos o\u00a0servicios que ofrecemos.<\/p><ul><li><strong>Cookies de registro<\/strong><\/li><\/ul><p align=\"justify\">Cuando usted se registra en nuestro portal, se generan cookies que le\u00a0identifican como usuario registrado e indican cu\u00e1ndo usted se ha identificado\u00a0en el portal.\u00a0Estas cookies son utilizadas para identificar su cuenta de usuario y sus servicios\u00a0asociados. Estas cookies se mantienen mientras usted no abandone la cuenta,\u00a0cierre el navegador o apague el dispositivo.\u00a0Estas cookies pueden ser utilizadas en combinaci\u00f3n con datos anal\u00edticos para\u00a0identificar de manera individual sus preferencias en nuestro portal.<\/p><ul><li><strong>Otras cookies de terceros<\/strong><\/li><\/ul><p align=\"justify\">En algunas de nuestras p\u00e1ginas se pueden instalar cookies de terceros que\u00a0permitan gestionar y mejorar los servicios que \u00e9stos ofrecen. Un ejemplo de\u00a0este uso son los enlaces a las redes sociales que permiten compartir nuestro\u00a0contenidos.<\/p><ul><li><strong>Cookies publicitarias<\/strong><\/li><\/ul><p align=\"justify\">Son aqu\u00e9llas que, bien tratadas por nosotros o por terceros, permiten gestionar\u00a0eficazmente los espacios publicitarios de nuestro sitio web, adecuando elcontenido del anuncio al contenido del servicio solicitado o al uso que realice\u00a0de nuestra p\u00e1gina web. Gracias a ella podemos conocer sus h\u00e1bitos de\u00a0navegaci\u00f3n en internet y mostrarle publicidad relacionada con su perfil de\u00a0navegaci\u00f3n.<\/p><p><strong>\u00bfC\u00f3mo utilizamos las cookies?<\/strong><\/p><p><strong>Proyectos Paisaj\u00edsticos de Baleares S.L.<\/strong>\u00a0informa que las cookies empleadas en su sitio web son: Cookies t\u00e9cnicas propias y de terceros, y Cookies de an\u00e1lisis de terceros, en este caso Cookies de Google Analytics.<\/p><p><strong>\u00bfC\u00f3mo puedo configurar mis preferencias y revocar mi consentimiento a la\u00a0aceptaci\u00f3n de cookies?<\/strong><\/p><p align=\"justify\">Puede permitir, bloquear o eliminar las cookies instaladas en su equipo, as\u00ed como\u00a0revocar el consentimiento previamente prestado, mediante la configuraci\u00f3n de las\u00a0opciones de su navegador de internet. En el caso en que las bloquee, es posible que\u00a0ciertos servicios que necesitan su uso no est\u00e9n disponibles para usted.<\/p><p>\u00a0A continuaci\u00f3n le ofrecemos enlaces en los que encontrar\u00e1 informaci\u00f3n sobre c\u00f3mo\u00a0puede activar sus preferencias en los principales navegadores:<\/p><p><a href=\"https:\/\/support.google.com\/chrome\/answer\/95647?hl=es\" target=\"_blank\" rel=\"noopener\">Google Chrome<\/a><\/p><p><a href=\"http:\/\/support.mozilla.org\/es\/kb\/habilitar-y-deshabilitar-cookies-que-lossitios-%20we\" target=\"_blank\" rel=\"noopener\">Mozilla Firefox<\/a><\/p><p><a href=\"http:\/\/windows.microsoft.com\/es-es\/internet-explorer\/delete-managecookies#%20ie=ie-10\" target=\"_blank\" rel=\"noopener\">Internet Explorer<\/a><\/p><p><a href=\"https:\/\/support.apple.com\/kb\/ph5042?locale=es_ES\" target=\"_blank\" rel=\"noopener\">Safari para IOS<\/a>\u00a0(iPhone, iPad)<\/p><p><a href=\"http:\/\/www.macromedia.com\/support\/documentation\/es\/flashplayer\/help\/settings_manager07.html\" target=\"_blank\" rel=\"noopener\">Cookies Flash<\/a><\/p><p>Si desea contactar con nosotros respecto nuestra pol\u00edtica de cookies, puede hacerlo en\u00a0<a href=\"mailto:ppbsl@ppbsl.com\">ppbsl@ppbsl.com<\/a><\/p><\/div>\t\t\t\t\t\t\t\t<\/div>\n\t\t\t\t<\/div>\n\t\t\t\t\t<\/div>\n\t\t<\/div>\n\t\t\t\t\t<\/div>\n\t\t<\/section>\n\t\t\t\t<\/div>\n\t\t","protected":false},"excerpt":{"rendered":"<p>Pol\u00edtica de cookies Este portal, al igual que la mayor\u00eda de portales en Internet, usa cookies para mejorar la experiencia del usuario. A continuaci\u00f3n encontrar\u00e1 informaci\u00f3n sobre qu\u00e9 son las\u00a0\u201ccookies\u201d, qu\u00e9 tipo de cookies utiliza este portal, c\u00f3mo puede desactivar las cookies en\u00a0su navegador y c\u00f3mo desactivar espec\u00edficamente la instalaci\u00f3n de cookies de terceros.\u00a0Si no [&hellip;]<\/p>\n","protected":false},"author":1,"featured_media":0,"parent":0,"menu_order":0,"comment_status":"closed","ping_status":"closed","template":"elementor_header_footer","meta":{"footnotes":""},"class_list":["post-3479","page","type-page","status-publish","hentry"],"_links":{"self":[{"href":"https:\/\/ppbsl.com\/en\/wp-json\/wp\/v2\/pages\/3479","targetHints":{"allow":["GET"]}}],"collection":[{"href":"https:\/\/ppbsl.com\/en\/wp-json\/wp\/v2\/pages"}],"about":[{"href":"https:\/\/ppbsl.com\/en\/wp-json\/wp\/v2\/types\/page"}],"author":[{"embeddable":true,"href":"https:\/\/ppbsl.com\/en\/wp-json\/wp\/v2\/users\/1"}],"replies":[{"embeddable":true,"href":"https:\/\/ppbsl.com\/en\/wp-json\/wp\/v2\/comments?post=3479"}],"version-history":[{"count":2,"href":"https:\/\/ppbsl.com\/en\/wp-json\/wp\/v2\/pages\/3479\/revisions"}],"predecessor-version":[{"id":3481,"href":"https:\/\/ppbsl.com\/en\/wp-json\/wp\/v2\/pages\/3479\/revisions\/3481"}],"wp:attachment":[{"href":"https:\/\/ppbsl.com\/en\/wp-json\/wp\/v2\/media?parent=3479"}],"curies":[{"name":"wp","href":"https:\/\/api.w.org\/{rel}","templated":true}]}}